{"id":205,"date":"2023-12-09T13:12:17","date_gmt":"2023-12-09T16:12:17","guid":{"rendered":"https:\/\/donfarley.com.br\/?post_type=product&#038;p=205"},"modified":"2023-12-09T14:49:53","modified_gmt":"2023-12-09T17:49:53","slug":"macho-alpha","status":"publish","type":"product","link":"https:\/\/donfarley.com.br\/?product=macho-alpha","title":{"rendered":"Macho Alpha"},"content":{"rendered":"<p>Transforme-se em um verdadeiro Macho Alpha com nossa exclusiva camiseta que exala confian\u00e7a e poder. Feita com tecido premium para proporcionar conforto incompar\u00e1vel, esta camiseta n\u00e3o \u00e9 apenas uma pe\u00e7a de roupa, \u00e9 uma declara\u00e7\u00e3o de atitude. O design marcante e o t\u00edtulo &#8220;Macho Alpha&#8221; estampado garantem que voc\u00ea se destaque em qualquer multid\u00e3o, transmitindo for\u00e7a, determina\u00e7\u00e3o e autoconfian\u00e7a. Vista-se para o sucesso, mostre ao mundo o seu poder interior e conquiste cada ambiente com estilo inigual\u00e1vel.<\/p>\n","protected":false},"excerpt":{"rendered":"<p>Transforme-se em um verdadeiro Macho Alpha com nossa exclusiva camiseta que exala confian\u00e7a e poder. Feita com tecido premium para proporcionar conforto incompar\u00e1vel, esta camiseta n\u00e3o \u00e9 apenas uma pe\u00e7a de roupa, \u00e9 uma declara\u00e7\u00e3o de atitude. O design marcante e o t\u00edtulo &#8220;Macho Alpha&#8221; estampado garantem que voc\u00ea se destaque em qualquer multid\u00e3o, transmitindo [&hellip;]<\/p>\n","protected":false},"featured_media":208,"comment_status":"open","ping_status":"closed","template":"","meta":{"om_disable_all_campaigns":false,"_monsterinsights_skip_tracking":false,"_monsterinsights_sitenote_active":false,"_monsterinsights_sitenote_note":"","_monsterinsights_sitenote_category":0},"product_brand":[],"product_cat":[34],"product_tag":[],"class_list":{"0":"post-205","1":"product","2":"type-product","3":"status-publish","4":"has-post-thumbnail","6":"product_cat-camiseta-masculina","8":"first","9":"instock","10":"taxable","11":"shipping-taxable","12":"purchasable","13":"product-type-variable"},"aioseo_notices":[],"jetpack_sharing_enabled":true,"_links":{"self":[{"href":"https:\/\/donfarley.com.br\/index.php?rest_route=\/wp\/v2\/product\/205","targetHints":{"allow":["GET"]}}],"collection":[{"href":"https:\/\/donfarley.com.br\/index.php?rest_route=\/wp\/v2\/product"}],"about":[{"href":"https:\/\/donfarley.com.br\/index.php?rest_route=\/wp\/v2\/types\/product"}],"replies":[{"embeddable":true,"href":"https:\/\/donfarley.com.br\/index.php?rest_route=%2Fwp%2Fv2%2Fcomments&post=205"}],"wp:featuredmedia":[{"embeddable":true,"href":"https:\/\/donfarley.com.br\/index.php?rest_route=\/wp\/v2\/media\/208"}],"wp:attachment":[{"href":"https:\/\/donfarley.com.br\/index.php?rest_route=%2Fwp%2Fv2%2Fmedia&parent=205"}],"wp:term":[{"taxonomy":"product_brand","embeddable":true,"href":"https:\/\/donfarley.com.br\/index.php?rest_route=%2Fwp%2Fv2%2Fproduct_brand&post=205"},{"taxonomy":"product_cat","embeddable":true,"href":"https:\/\/donfarley.com.br\/index.php?rest_route=%2Fwp%2Fv2%2Fproduct_cat&post=205"},{"taxonomy":"product_tag","embeddable":true,"href":"https:\/\/donfarley.com.br\/index.php?rest_route=%2Fwp%2Fv2%2Fproduct_tag&post=205"}],"curies":[{"name":"wp","href":"https:\/\/api.w.org\/{rel}","templated":true}]}}