{"id":224,"date":"2023-12-09T15:50:39","date_gmt":"2023-12-09T18:50:39","guid":{"rendered":"https:\/\/donfarley.com.br\/?post_type=product&#038;p=224"},"modified":"2023-12-09T22:59:49","modified_gmt":"2023-12-10T01:59:49","slug":"temos-apenas-uma-regra-desistir-jamais","status":"publish","type":"product","link":"https:\/\/donfarley.com.br\/?product=temos-apenas-uma-regra-desistir-jamais","title":{"rendered":"Temos Apenas Uma Regra Desistir Jamais"},"content":{"rendered":"<p>Desenvolva uma mentalidade impar\u00e1vel com nossa incr\u00edvel camiseta &#8220;Temos Apenas Uma Regra: Desistir Jamais&#8221;. Feita para aqueles que abra\u00e7am desafios e perseveram diante das adversidades, esta camiseta \u00e9 mais do que uma pe\u00e7a de roupa, \u00e9 um lembrete constante de sua for\u00e7a interior. O t\u00edtulo ousado estampado na camiseta \u00e9 uma declara\u00e7\u00e3o de determina\u00e7\u00e3o e resili\u00eancia, inspirando voc\u00ea a seguir em frente, n\u00e3o importa quais obst\u00e1culos apare\u00e7am em seu caminho.<\/p>\n","protected":false},"excerpt":{"rendered":"<p>Desenvolva uma mentalidade impar\u00e1vel com nossa incr\u00edvel camiseta &#8220;Temos Apenas Uma Regra: Desistir Jamais&#8221;. Feita para aqueles que abra\u00e7am desafios e perseveram diante das adversidades, esta camiseta \u00e9 mais do que uma pe\u00e7a de roupa, \u00e9 um lembrete constante de sua for\u00e7a interior. O t\u00edtulo ousado estampado na camiseta \u00e9 uma declara\u00e7\u00e3o de determina\u00e7\u00e3o e [&hellip;]<\/p>\n","protected":false},"featured_media":225,"comment_status":"open","ping_status":"closed","template":"","meta":{"om_disable_all_campaigns":false,"_monsterinsights_skip_tracking":false,"_monsterinsights_sitenote_active":false,"_monsterinsights_sitenote_note":"","_monsterinsights_sitenote_category":0},"product_brand":[],"product_cat":[34],"product_tag":[],"class_list":{"0":"post-224","1":"product","2":"type-product","3":"status-publish","4":"has-post-thumbnail","6":"product_cat-camiseta-masculina","8":"first","9":"instock","10":"taxable","11":"shipping-taxable","12":"purchasable","13":"product-type-variable"},"aioseo_notices":[],"jetpack_sharing_enabled":true,"_links":{"self":[{"href":"https:\/\/donfarley.com.br\/index.php?rest_route=\/wp\/v2\/product\/224","targetHints":{"allow":["GET"]}}],"collection":[{"href":"https:\/\/donfarley.com.br\/index.php?rest_route=\/wp\/v2\/product"}],"about":[{"href":"https:\/\/donfarley.com.br\/index.php?rest_route=\/wp\/v2\/types\/product"}],"replies":[{"embeddable":true,"href":"https:\/\/donfarley.com.br\/index.php?rest_route=%2Fwp%2Fv2%2Fcomments&post=224"}],"wp:featuredmedia":[{"embeddable":true,"href":"https:\/\/donfarley.com.br\/index.php?rest_route=\/wp\/v2\/media\/225"}],"wp:attachment":[{"href":"https:\/\/donfarley.com.br\/index.php?rest_route=%2Fwp%2Fv2%2Fmedia&parent=224"}],"wp:term":[{"taxonomy":"product_brand","embeddable":true,"href":"https:\/\/donfarley.com.br\/index.php?rest_route=%2Fwp%2Fv2%2Fproduct_brand&post=224"},{"taxonomy":"product_cat","embeddable":true,"href":"https:\/\/donfarley.com.br\/index.php?rest_route=%2Fwp%2Fv2%2Fproduct_cat&post=224"},{"taxonomy":"product_tag","embeddable":true,"href":"https:\/\/donfarley.com.br\/index.php?rest_route=%2Fwp%2Fv2%2Fproduct_tag&post=224"}],"curies":[{"name":"wp","href":"https:\/\/api.w.org\/{rel}","templated":true}]}}