{"id":248,"date":"2023-12-10T11:27:51","date_gmt":"2023-12-10T14:27:51","guid":{"rendered":"https:\/\/donfarley.com.br\/?post_type=product&#038;p=248"},"modified":"2023-12-10T11:40:48","modified_gmt":"2023-12-10T14:40:48","slug":"codigo-da-nossa-elegancia","status":"publish","type":"product","link":"https:\/\/donfarley.com.br\/?product=codigo-da-nossa-elegancia","title":{"rendered":"C\u00f3digo da Nossa Eleg\u00e2ncia"},"content":{"rendered":"<p>Descubra a sofistica\u00e7\u00e3o definitiva com a camiseta exclusiva Don Farley &#8220;C\u00f3digo da Nossa Eleg\u00e2ncia&#8221;. Esta n\u00e3o \u00e9 apenas uma pe\u00e7a de roupa, \u00e9 a chave para desbloquear um estilo inigual\u00e1vel e uma presen\u00e7a magn\u00e9tica. Com um design exuberante e a ousada inscri\u00e7\u00e3o &#8220;C\u00f3digo da Nossa Eleg\u00e2ncia&#8221;, esta camiseta n\u00e3o segue tend\u00eancias, ela as cria.<\/p>\n<p>Feita com um tecido premium que abra\u00e7a o seu corpo com conforto luxuoso, esta camiseta \u00e9 mais do que moda; \u00e9 uma afirma\u00e7\u00e3o de poder e classe. Vista-se com distin\u00e7\u00e3o e sinta a confian\u00e7a que surge ao abra\u00e7ar o verdadeiro &#8220;C\u00f3digo da Nossa Eleg\u00e2ncia&#8221;.<\/p>\n","protected":false},"excerpt":{"rendered":"<p>Descubra a sofistica\u00e7\u00e3o definitiva com a camiseta exclusiva Don Farley &#8220;C\u00f3digo da Nossa Eleg\u00e2ncia&#8221;. Esta n\u00e3o \u00e9 apenas uma pe\u00e7a de roupa, \u00e9 a chave para desbloquear um estilo inigual\u00e1vel e uma presen\u00e7a magn\u00e9tica. Com um design exuberante e a ousada inscri\u00e7\u00e3o &#8220;C\u00f3digo da Nossa Eleg\u00e2ncia&#8221;, esta camiseta n\u00e3o segue tend\u00eancias, ela as cria. Feita [&hellip;]<\/p>\n","protected":false},"featured_media":249,"comment_status":"open","ping_status":"closed","template":"","meta":{"om_disable_all_campaigns":false,"_monsterinsights_skip_tracking":false,"_monsterinsights_sitenote_active":false,"_monsterinsights_sitenote_note":"","_monsterinsights_sitenote_category":0},"product_brand":[],"product_cat":[19,33,29],"product_tag":[],"class_list":{"0":"post-248","1":"product","2":"type-product","3":"status-publish","4":"has-post-thumbnail","6":"product_cat-all","7":"product_cat-camiseta-feminina","8":"product_cat-produtos","10":"first","11":"instock","12":"taxable","13":"shipping-taxable","14":"purchasable","15":"product-type-variable"},"aioseo_notices":[],"jetpack_sharing_enabled":true,"_links":{"self":[{"href":"https:\/\/donfarley.com.br\/index.php?rest_route=\/wp\/v2\/product\/248","targetHints":{"allow":["GET"]}}],"collection":[{"href":"https:\/\/donfarley.com.br\/index.php?rest_route=\/wp\/v2\/product"}],"about":[{"href":"https:\/\/donfarley.com.br\/index.php?rest_route=\/wp\/v2\/types\/product"}],"replies":[{"embeddable":true,"href":"https:\/\/donfarley.com.br\/index.php?rest_route=%2Fwp%2Fv2%2Fcomments&post=248"}],"wp:featuredmedia":[{"embeddable":true,"href":"https:\/\/donfarley.com.br\/index.php?rest_route=\/wp\/v2\/media\/249"}],"wp:attachment":[{"href":"https:\/\/donfarley.com.br\/index.php?rest_route=%2Fwp%2Fv2%2Fmedia&parent=248"}],"wp:term":[{"taxonomy":"product_brand","embeddable":true,"href":"https:\/\/donfarley.com.br\/index.php?rest_route=%2Fwp%2Fv2%2Fproduct_brand&post=248"},{"taxonomy":"product_cat","embeddable":true,"href":"https:\/\/donfarley.com.br\/index.php?rest_route=%2Fwp%2Fv2%2Fproduct_cat&post=248"},{"taxonomy":"product_tag","embeddable":true,"href":"https:\/\/donfarley.com.br\/index.php?rest_route=%2Fwp%2Fv2%2Fproduct_tag&post=248"}],"curies":[{"name":"wp","href":"https:\/\/api.w.org\/{rel}","templated":true}]}}