{"id":264,"date":"2023-12-10T13:09:33","date_gmt":"2023-12-10T16:09:33","guid":{"rendered":"https:\/\/donfarley.com.br\/?post_type=product&#038;p=264"},"modified":"2023-12-10T14:54:15","modified_gmt":"2023-12-10T17:54:15","slug":"checkmate-a-vitoria-e-minha","status":"publish","type":"product","link":"https:\/\/donfarley.com.br\/?product=checkmate-a-vitoria-e-minha","title":{"rendered":"Checkmate a Vit\u00f3ria \u00e9 Minha!"},"content":{"rendered":"<p>Conquiste a vit\u00f3ria com a camiseta exclusiva &#8220;Checkmate: a Vit\u00f3ria \u00e9 Minha!&#8221;. N\u00e3o estamos apenas falando de moda; estamos falando de um manifesto de triunfo pessoal. Este n\u00e3o \u00e9 apenas um peda\u00e7o de tecido, mas sim uma declara\u00e7\u00e3o ousada do seu poder incontest\u00e1vel.<\/p>\n<p>Imagine vestir a confian\u00e7a de um campe\u00e3o, com um design que grita &#8220;Checkmate&#8221; em alto e bom tom. Esta n\u00e3o \u00e9 apenas uma camiseta; \u00e9 a armadura que voc\u00ea usa para enfrentar os desafios e proclamar sua supremacia. O tecido premium n\u00e3o apenas abra\u00e7a seu corpo com conforto, mas tamb\u00e9m \u00e9 uma extens\u00e3o do seu pr\u00f3prio dom\u00ednio. N\u00e3o deixe escapar a chance de reivindicar o seu triunfo agora!<\/p>\n<div class=\"flex-1 overflow-hidden\">\n<div class=\"react-scroll-to-bottom--css-qsnha-79elbk h-full\">\n<div class=\"react-scroll-to-bottom--css-qsnha-1n7m0yu\">\n<div class=\"flex flex-col pb-9 text-sm\">\n<div class=\"w-full text-token-text-primary\" data-testid=\"conversation-turn-23\">\n<div class=\"px-4 py-2 justify-center text-base md:gap-6 m-auto\">\n<div class=\"flex flex-1 text-base mx-auto gap-3 md:px-5 lg:px-1 xl:px-5 md:max-w-3xl lg:max-w-[40rem] xl:max-w-[48rem] } group final-completion\">\n<div class=\"relative flex w-full flex-col lg:w-[calc(100%-115px)] agent-turn\">\n<div class=\"flex-col gap-1 md:gap-3\">\n<div class=\"mt-1 flex justify-start gap-3 empty:hidden\">\n<div class=\"text-gray-400 flex self-end lg:self-center justify-center lg:justify-start mt-0 gap-1 visible\">\n<p>&nbsp;<\/p>\n<div class=\"flex gap-1\"><\/div>\n<div class=\"flex items-center gap-1.5 text-xs\"><\/div>\n<\/div>\n<\/div>\n<\/div>\n<div class=\"absolute\">\n<div class=\"flex w-full gap-2 items-center justify-center\"><\/div>\n<\/div>\n<\/div>\n<\/div>\n<\/div>\n<\/div>\n<\/div>\n<\/div>\n<\/div>\n<\/div>\n<div class=\"w-full pt-2 md:pt-0 dark:border-white\/20 md:border-transparent md:dark:border-transparent md:w-[calc(100%-.5rem)]\">\n<form class=\"stretch mx-2 flex flex-row gap-3 last:mb-2 md:mx-4 md:last:mb-6 lg:mx-auto lg:max-w-2xl xl:max-w-3xl\">\n<div class=\"relative flex h-full flex-1 items-stretch md:flex-col\">\n<div class=\"flex w-full items-center\"><\/div>\n<\/div>\n<\/form>\n<\/div>\n","protected":false},"excerpt":{"rendered":"<p>Conquiste a vit\u00f3ria com a camiseta exclusiva &#8220;Checkmate: a Vit\u00f3ria \u00e9 Minha!&#8221;. N\u00e3o estamos apenas falando de moda; estamos falando de um manifesto de triunfo pessoal. Este n\u00e3o \u00e9 apenas um peda\u00e7o de tecido, mas sim uma declara\u00e7\u00e3o ousada do seu poder incontest\u00e1vel. Imagine vestir a confian\u00e7a de um campe\u00e3o, com um design que grita [&hellip;]<\/p>\n","protected":false},"featured_media":0,"comment_status":"open","ping_status":"closed","template":"","meta":{"om_disable_all_campaigns":false,"_monsterinsights_skip_tracking":false,"_monsterinsights_sitenote_active":false,"_monsterinsights_sitenote_note":"","_monsterinsights_sitenote_category":0},"product_brand":[],"product_cat":[19,33,29],"product_tag":[],"class_list":{"0":"post-264","1":"product","2":"type-product","3":"status-publish","5":"product_cat-all","6":"product_cat-camiseta-feminina","7":"product_cat-produtos","9":"first","10":"instock","11":"taxable","12":"shipping-taxable","13":"purchasable","14":"product-type-variable"},"aioseo_notices":[],"jetpack_sharing_enabled":true,"_links":{"self":[{"href":"https:\/\/donfarley.com.br\/index.php?rest_route=\/wp\/v2\/product\/264","targetHints":{"allow":["GET"]}}],"collection":[{"href":"https:\/\/donfarley.com.br\/index.php?rest_route=\/wp\/v2\/product"}],"about":[{"href":"https:\/\/donfarley.com.br\/index.php?rest_route=\/wp\/v2\/types\/product"}],"replies":[{"embeddable":true,"href":"https:\/\/donfarley.com.br\/index.php?rest_route=%2Fwp%2Fv2%2Fcomments&post=264"}],"wp:attachment":[{"href":"https:\/\/donfarley.com.br\/index.php?rest_route=%2Fwp%2Fv2%2Fmedia&parent=264"}],"wp:term":[{"taxonomy":"product_brand","embeddable":true,"href":"https:\/\/donfarley.com.br\/index.php?rest_route=%2Fwp%2Fv2%2Fproduct_brand&post=264"},{"taxonomy":"product_cat","embeddable":true,"href":"https:\/\/donfarley.com.br\/index.php?rest_route=%2Fwp%2Fv2%2Fproduct_cat&post=264"},{"taxonomy":"product_tag","embeddable":true,"href":"https:\/\/donfarley.com.br\/index.php?rest_route=%2Fwp%2Fv2%2Fproduct_tag&post=264"}],"curies":[{"name":"wp","href":"https:\/\/api.w.org\/{rel}","templated":true}]}}